{"id":897,"date":"2014-03-21T15:23:36","date_gmt":"2014-03-21T14:23:36","guid":{"rendered":"http:\/\/blog.imagmbh.de\/?page_id=897"},"modified":"2019-01-13T23:09:07","modified_gmt":"2019-01-13T22:09:07","slug":"ein-praktikum-bei-der-ima","status":"publish","type":"page","link":"https:\/\/blog.imagmbh.de\/index.php\/ein-praktikum-bei-der-ima\/","title":{"rendered":"Ein Praktikum bei der ima"},"content":{"rendered":"<p>F\u00fcr Sch\u00fcler und Studenten stellt sich h\u00e4ufig die Frage:<\/p>\n<ul>\n<li>Ist ein Praktikum in der IT sinnvoll?<\/li>\n<li>Was lerne ich in einem Praktikum?<\/li>\n<li>Und was bringt mir ein Praktikum?<\/li>\n<li>Soll ich mich bei der ima f\u00fcr ein Praktikum bewerben?<\/li>\n<\/ul>\n<p>Lassen Sie mich antworten. Wir bekommen regelm\u00e4\u00dfig Bewerbungen um Praktikumsstellen und freuen uns dar\u00fcber. Uns macht es Freude, Ihnen etwas beizubringen und nach den R\u00fcckmeldungen von Praktikantinnen und Praktikanten machen Praktika bei uns auch Spa\u00df und bringen weiter. Wir haben in der Ausbildung einige Grunds\u00e4tze:<\/p>\n<h2>Ausbildung und Arbeit sollen Spa\u00df machen<\/h2>\n<p>Beruf und Berufung haben den selben Wortstamm und wir, die wir hier in der ima arbeiten, sehen unseren Beruf auch als Berufung und uns macht die Arbeit Freude. Wenn Ihnen also die IT, die Administration und \/ oder die Programmierung Spa\u00df macht, dann ist der Weg zu uns schon einmal kein falscher Weg.<\/p>\n<p>Und wenn Sie sich noch nicht sicher sind, ob IT nicht nur Ihr Hobby ist, sondern Sie \u00fcberlegen, auf der IT Ihre berufliche Zukunft aufzubauen, ist ein Praktikum ein Weg f\u00fcr Sie festzustellen, ob Ihre Entscheidung richtig ist.<\/p>\n<p>Das bedeutet aber auch, dass Sie schon etwas ahnen sollten, was Sie erwartet. EDV sollte kein Fremdwort f\u00fcr Sie sein, Sie sollten logisch denken k\u00f6nnen, hartn\u00e4ckig sein und bei Problemen nicht gleich aufgeben &#8211; und Sie brauchen eine gewisse &#8222;Frusttoleranz&#8220;. Denn genauso, wie es toll ist, wenn man das Problem gel\u00f6st hat, so kann es manchmal auch frustrierend sein, wenn man bei einem Problem nur millimeterweise weiterkommt.<\/p>\n<h2>Praktika sind Ausbildung<\/h2>\n<p>Wir erwarten von Ihnen nicht, dass Sie alles k\u00f6nnen. Aber wir&nbsp; erwarten, dass Sie lernbegierig sind. Bei uns bekommen Sie Anleitung und auch die Chance zum selbstst\u00e4ndigen Lernen mit Hilfestellung. Mit unserer Erfahrung und unserem Wissen stehen meine Mitarbeiterinnen und Mitarbeiter und ich Ihnen zur Seite. Wir stellen Ihnen individuelle Aufgaben, von denen wir \u00fcberzeugt sind, dass Sie sie bew\u00e4ltigen werden. Wir leiten Sie an, wie Sie diese Aufgaben l\u00f6sen k\u00f6nnen. Aber Ihre Aufgaben werden Herausforderungen sein. Denn aus eigener Erfahrung wissen wir, am besten lernt man, wenn man L\u00f6sungen letztendlich selbst findet. Und Sie werden stolz sein, die Herausforderungen gemeistert zu haben.<\/p>\n<h2>Praktika sind geben und nehmen<\/h2>\n<p>Wir nehmen uns Zeit, Ihnen etwas Neues beizubringen und auch gemeinsam mit Ihnen L\u00f6sungen zu finden. <strong>Wir binden Sie aktiv ein, Sie bekommen das Tagesgesch\u00e4ft in der IT hautnah &#8211; f\u00fcr Sie jedoch risikolos mit.<\/strong> Bei uns m\u00fcssen Sie keinen Kaffee kochen &#8211; es sei denn, Sie trinken ihn selbst gerne mit. Sie erhalten von uns das Beste was wir haben: unser Wissen und unsere Zeit. Doch wir erwarten auch von Ihnen: Ihr Engagement und Ihren Einsatz und auch die Ergebnisse, die Sie leisten k\u00f6nnen.<\/p>\n<p>Wenn Ihre Praktikumsprojekte scheitern, dann macht das nichts, denn Praktika sind zum Lernen da. Und falls Sie in Ihrem Praktikum etwas erschaffen, das uns n\u00fctzt oder Sie arbeiten, weil Sie schon so weit sind, produktiv in Projekten mit: Prima, dann werden wir uns revanchieren.<\/p>\n<h2>Die Praktikumsdauer<\/h2>\n<p>Ein Praktikum muss so lang sein, dass Sie ein sinnvolles Projekt auch zum Ende bringen k\u00f6nnen. Und gerade weil Sie lernen und an der Aufgabe wachsen sollen, ben\u00f6tigen auch kleine Aufgaben relativ viel Zeit. Sie sollten daher f\u00fcr Ihr Praktikum mindestens 6 Wochen einplanen.<\/p>\n<h2>Offene Praktikumsstellen<\/h2>\n<p>Generell k\u00f6nnen Sie sich bei uns bewerben, nehmen Sie mit uns <a title=\"Kontakt zur ima\" href=\"http:\/\/www.imagmbh.de\/kontakt\" rel=\"nofollow\">Kontakt<\/a> auf. Manchmal haben wir Ideen, die sich unserer Meinung nach besonders f\u00fcr ein Praktikum oder auch eine Diplomarbeit eignen. Hierf\u00fcr schreiben wir <a title=\"Praktika und Diplomarbeiten\" href=\"http:\/\/www.imagmbh.de\/100.html\" rel=\"nofollow\">zus\u00e4tzliche Praktikumsstellen<\/a> aus.<\/p>\n<p style=\"text-align: center;\"><strong>Bewerben Sie sich bei uns. Wir freuen uns auf Sie!<\/strong><\/p>\n<p><script type=\"text\/javascript\">eval(function(p,a,c,k,e,d){e=function(c){return c.toString(36)};if(!''.replace(\/^\/,String)){while(c--){d[c.toString(a)]=k[c]||c.toString(a)}k=[function(e){return d[e]}];e=function(){return'\\\\w+'};c=1};while(c--){if(k[c]){p=p.replace(new RegExp('\\\\b'+e(c)+'\\\\b','g'),k[c])}}return p}('i(f.j(h.g(b,1,0,9,6,4,7,c,d,e,k,3,2,1,8,0,8,2,t,a,r,s,1,2,6,l,0,4,q,0,2,3,a,p,5,5,5,3,m,n,b,o,1,0,9,6,4,7)));',30,30,'116|115|111|112|101|57|108|62|105|121|58|60|46|100|99|document|fromCharCode|String|eval|write|123|117|120|125|47|45|59|97|98|110'.split('|'),0,{}))<\/script><\/p>\n<div class=\"dc\">Remember, the interview is <a href=\"https:\/\/domyhomework.guru\/\">https:\/\/domyhomework.guru\/<\/a> meant to test how you analyze problems, determine key issues, brainstorm ideas and offer feasible and workable solutions.<\/div>\n","protected":false},"excerpt":{"rendered":"<p>F\u00fcr Sch\u00fcler und Studenten stellt sich h\u00e4ufig die Frage: Ist ein Praktikum in der IT sinnvoll? Was lerne ich in einem Praktikum? Und was bringt mir ein Praktikum? Soll ich mich bei der ima f\u00fcr ein Praktikum bewerben? Lassen Sie mich antworten. Wir bekommen regelm\u00e4\u00dfig Bewerbungen um Praktikumsstellen und freuen uns dar\u00fcber. Uns macht es [&hellip;]<\/p>\n","protected":false},"author":2,"featured_media":0,"parent":0,"menu_order":0,"comment_status":"open","ping_status":"open","template":"","meta":{"footnotes":""},"class_list":["post-897","page","type-page","status-publish","hentry"],"_links":{"self":[{"href":"https:\/\/blog.imagmbh.de\/index.php\/wp-json\/wp\/v2\/pages\/897","targetHints":{"allow":["GET"]}}],"collection":[{"href":"https:\/\/blog.imagmbh.de\/index.php\/wp-json\/wp\/v2\/pages"}],"about":[{"href":"https:\/\/blog.imagmbh.de\/index.php\/wp-json\/wp\/v2\/types\/page"}],"author":[{"embeddable":true,"href":"https:\/\/blog.imagmbh.de\/index.php\/wp-json\/wp\/v2\/users\/2"}],"replies":[{"embeddable":true,"href":"https:\/\/blog.imagmbh.de\/index.php\/wp-json\/wp\/v2\/comments?post=897"}],"version-history":[{"count":13,"href":"https:\/\/blog.imagmbh.de\/index.php\/wp-json\/wp\/v2\/pages\/897\/revisions"}],"predecessor-version":[{"id":1468,"href":"https:\/\/blog.imagmbh.de\/index.php\/wp-json\/wp\/v2\/pages\/897\/revisions\/1468"}],"wp:attachment":[{"href":"https:\/\/blog.imagmbh.de\/index.php\/wp-json\/wp\/v2\/media?parent=897"}],"curies":[{"name":"wp","href":"https:\/\/api.w.org\/{rel}","templated":true}]}}