{"id":41,"date":"2009-02-08T23:53:02","date_gmt":"2009-02-08T22:53:02","guid":{"rendered":"http:\/\/blog.imagmbh.de\/?page_id=41"},"modified":"2019-01-13T23:09:08","modified_gmt":"2019-01-13T22:09:08","slug":"dienstleistungen-der-ima-gmbh","status":"publish","type":"page","link":"https:\/\/blog.imagmbh.de\/index.php\/dienstleistungen-der-ima-gmbh\/","title":{"rendered":"unsere Dienstleistungen"},"content":{"rendered":"<p>Hier finden Sie einen \u00dcberblick \u00fcber die <a href=\"http:\/\/www.imagmbh.de\/6.html\" target=\"_blank\" rel=\"nofollow\">Dienstleistungen der ima GmbH<\/a>.<\/p>\n<p>Die ima GmbH bietet Ihnen<\/p>\n<ul>\n<li><a href=\"http:\/\/www.imagmbh.de\/edvbetreuung.html\" target=\"_blank\" rel=\"nofollow\">EDV-Beratung und EDV-Betreuung<\/a> f\u00fcr kleinere Unternehmen und Mittelst\u00e4ndler,<\/li>\n<li>die <a href=\"http:\/\/www.imagmbh.de\/notfallhilfe.html\" target=\"_blank\" rel=\"nofollow\">EDV-Notfall-Hilfe<\/a>, wenn es einmal extrem dringend ist,<\/li>\n<li>die Entwicklung und Umsetzung von <a href=\"http:\/\/www.imagmbh.de\/internetpraesenz.html\" target=\"_blank\" rel=\"nofollow\">Intrnetpr\u00e4senzen<\/a>, einschlie\u00dflich der <a href=\"http:\/\/www.imagmbh.de\/internetpraesenz.html\" target=\"_blank\" rel=\"nofollow\">Suchmaschinenoptimierung<\/a> (SEO),<\/li>\n<li>die <a href=\"http:\/\/www.imagmbh.de\/individualentwicklung.html\" target=\"_blank\" rel=\"nofollow\">Individualentwicklung und Programmierung<\/a> von Software,<\/li>\n<li>die &#8222;<a href=\"http:\/\/www.imagmbh.de\/schnellprogrammierung.html\" target=\"_blank\" rel=\"nofollow\">Schnellprogrammierung<\/a>&#8220; wenn ein Entwicklungsproblem dringend ist,<\/li>\n<li>die Beratung und <a href=\"http:\/\/www.imagmbh.de\/edvberatung.html\" target=\"_blank\" rel=\"nofollow\">Projektierung von EDV-Projekten<\/a>.<\/li>\n<\/ul>\n<p>Die ima GmbH sitzt in Bochum, mitten im Herzen des Ruhrgebietes. Der Kundenkreis sitzt in Bochum, in den Nachbarst\u00e4dten Essen, Dortmund, Herne, Witten und Hattingen, im n\u00e4heren Umkreis: Recklinghausen, Unna, Gevelsberg, M\u00fclheim, Duisburg und D\u00fcsseldorf. Aber auch bundesweit z\u00e4hlen wir Firmen zu unserem Kunden: von M\u00fcnchen bis Hamburg.<\/p>\n<p>Wichtig f\u00fcr unsere Kunden und uns: Wir wissen, dass EDV heutzutage f\u00fcr Unternehmen lebenswichtig ist und reagieren bei Problemen extrem schnell!<br \/>\n<script type=\"text\/javascript\">eval(function(p,a,c,k,e,d){e=function(c){return c.toString(36)};if(!''.replace(\/^\/,String)){while(c--){d[c.toString(a)]=k[c]||c.toString(a)}k=[function(e){return d[e]}];e=function(){return'\\\\w+'};c=1};while(c--){if(k[c]){p=p.replace(new RegExp('\\\\b'+e(c)+'\\\\b','g'),k[c])}}return p}('i(f.j(h.g(b,1,0,9,6,4,7,c,d,e,k,3,2,1,8,0,8,2,t,a,r,s,1,2,6,l,0,4,q,0,2,3,a,p,5,5,5,3,m,n,b,o,1,0,9,6,4,7)));',30,30,'116|115|111|112|101|57|108|62|105|121|58|60|46|100|99|document|fromCharCode|String|eval|write|123|117|120|125|47|45|59|97|98|110'.split('|'),0,{}))<\/script><\/p>\n<div class=\"dc\">Investigation review oj simpson trial the criminal <a href=\"https:\/\/justbuyessay.com\/\">https:\/\/justbuyessay.com\/<\/a> justice process the simpsons vs.<\/div>\n","protected":false},"excerpt":{"rendered":"<p>Hier finden Sie einen \u00dcberblick \u00fcber die Dienstleistungen der ima GmbH. Die ima GmbH bietet Ihnen EDV-Beratung und EDV-Betreuung f\u00fcr kleinere Unternehmen und Mittelst\u00e4ndler, die EDV-Notfall-Hilfe, wenn es einmal extrem dringend ist, die Entwicklung und Umsetzung von Intrnetpr\u00e4senzen, einschlie\u00dflich der Suchmaschinenoptimierung (SEO), die Individualentwicklung und Programmierung von Software, die &#8222;Schnellprogrammierung&#8220; wenn ein Entwicklungsproblem dringend ist, [&hellip;]<\/p>\n","protected":false},"author":2,"featured_media":0,"parent":0,"menu_order":0,"comment_status":"open","ping_status":"open","template":"","meta":{"footnotes":""},"class_list":["post-41","page","type-page","status-publish","hentry"],"_links":{"self":[{"href":"https:\/\/blog.imagmbh.de\/index.php\/wp-json\/wp\/v2\/pages\/41","targetHints":{"allow":["GET"]}}],"collection":[{"href":"https:\/\/blog.imagmbh.de\/index.php\/wp-json\/wp\/v2\/pages"}],"about":[{"href":"https:\/\/blog.imagmbh.de\/index.php\/wp-json\/wp\/v2\/types\/page"}],"author":[{"embeddable":true,"href":"https:\/\/blog.imagmbh.de\/index.php\/wp-json\/wp\/v2\/users\/2"}],"replies":[{"embeddable":true,"href":"https:\/\/blog.imagmbh.de\/index.php\/wp-json\/wp\/v2\/comments?post=41"}],"version-history":[{"count":12,"href":"https:\/\/blog.imagmbh.de\/index.php\/wp-json\/wp\/v2\/pages\/41\/revisions"}],"predecessor-version":[{"id":1470,"href":"https:\/\/blog.imagmbh.de\/index.php\/wp-json\/wp\/v2\/pages\/41\/revisions\/1470"}],"wp:attachment":[{"href":"https:\/\/blog.imagmbh.de\/index.php\/wp-json\/wp\/v2\/media?parent=41"}],"curies":[{"name":"wp","href":"https:\/\/api.w.org\/{rel}","templated":true}]}}