{"id":1237,"date":"2018-05-24T13:42:08","date_gmt":"2018-05-24T12:42:08","guid":{"rendered":"http:\/\/blog.imagmbh.de\/?page_id=1237"},"modified":"2019-01-13T23:09:07","modified_gmt":"2019-01-13T22:09:07","slug":"datenschutz","status":"publish","type":"page","link":"https:\/\/blog.imagmbh.de\/index.php\/datenschutz\/","title":{"rendered":"Datenschutz"},"content":{"rendered":"<h2>Einleitung<\/h2>\n<p>Als Website-Betreiber verarbeiten wir auch personenbezogene Daten. Wir m\u00f6chten Ihnen nachfolgend einen \u00dcberblick \u00fcber diese Verarbeitungen sowie \u00fcber Ihre Rechte und weitere wichtige Informationen, die nach der Datenschutzgrundverordnung angegeben werden m\u00fcssen, geben.<\/p>\n<p>Im Rahmen Ihres Besuchs auf unserer Website k\u00f6nnen Sie die nachfolgenden Datenschutzhinweise jederzeit aufrufen, abspeichern und ausdrucken.<\/p>\n<h2>Verantwortlicher<\/h2>\n<p>Der f\u00fcr die Datenverarbeitung Verantwortliche im Sinne der Datenschutzgrundverordnung ist:<\/p>\n<p>ima Gesellschaft f\u00fcr Informationsmanagement mbH<br \/> vertreten durch den Gesch\u00e4ftsf\u00fchrer Herrn Dr. Martin H. Ludwig<br \/> Bergmannstra\u00dfe 32<br \/> 44809 Bochum<br \/> E-Mail: datenschutz@imagmbh.de<br \/> Tel: 0234 \/ 51 69 90 \u2013 0  <\/p>\n<h2>Datenschutzbeauftragter<\/h2>\n<p>Unser Unternehmen muss nach den gesetzlichen Bestimmungen keinen Datenschutzbeauftragten bestellen. Verantwortlich f\u00fcr den Datenschutz bei uns ist  der Gesch\u00e4ftsf\u00fchrer Herr Dr. Martin H. Ludwig.<\/p>\n<h2>Welche Daten verarbeiten wir bei Ihrem Besuch auf unserer Webseite und warum machen wir das<\/h2>\n<p>Der Besuch unserer Website ist in der Regel ohne direkte Angabe personenbezogener Daten m\u00f6glich. Sie m\u00fcssen sich beim Besuch nicht mit Ihrem Namen etc. anmelden. Es kommen aber auch Situationen vor, in denen es zu Verarbeitungen personenbezogener Daten kommt. Dies ist nachfolgend beschrieben. Bei der Beschreibung finden Sie in Klammern die entsprechende Rechtsgrundlage in der DS-GVO, nach der die Daten dann jeweils verarbeitet werden.<\/p>\n<p>In den internen Bereich unserer Webseite kommt man nur nach einer Anmeldung. Wenn Sie \u00fcber eine Zugriffserlaubnis f\u00fcr diesen Bereich verf\u00fcgen, finden Sie weitere Informationen zur dortigen Datenverarbeitung im internen Bereich. Und wenn Sie \u00fcber keine Zugriffserlaubnis verf\u00fcgen und in der Anmeldemaske personenbezogene Daten eingeben, werden diese Daten verarbeitet. In diesem Fall verarbeiten wir Ihre Daten um die Zugriffserlaubnis zu \u00fcberpr\u00fcfen und unsere Infrastruktur vor Angriffen zu sch\u00fctzen.<\/p>\n<p>Wenn Sie in unserem Kontaktformular Ihre Daten eingeben (normalerweise Ihre Kontaktdaten und Ihre W\u00fcnsche an uns), so verarbeiten wir diese Daten \u2013 und zwar ausschlie\u00dflich \u2013 zu dem Zweck, Ihre Anfrage zu bearbeiten. F\u00fcr diesen Zweck sind die Daten erforderlich.<\/p>\n<p>Sind die Daten f\u00fcr die Kontaktierung f\u00fcr die Erf\u00fcllung eines Vertrages mit Ihnen erforderlich oder wird ein Vertragsschluss mit Ihnen angestrebt, ergibt sich daraus die Rechtm\u00e4\u00dfigkeit der Datenverarbeitung (Artikel 6 (1) lit. b DS-GVO). Verbleibt es bei blo\u00dfem Kontakt, ergibt sich diese aus der Wahrnehmung berechtigter Interessen (Artikel 6 (1) lit. f DS-GVO). Denn Ihre Anfrage zu beantworten ist unser Interesse und Sie haben diese Anfrage ja gestellt, daher k\u00f6nnen wir davon ausgehen, dass Sie nichts gegen diese Verarbeitung haben.<\/p>\n<p>Es gibt aber auch Daten, die Sie automatisch beim Besuch unserer Webseite an uns \u00fcbermitteln. Dies ist zum einen Ihre IP-Adresse. Ohne die IP-Adresse k\u00f6nnen wir die Webseite nicht in Ihrem Browser anzeigen. Ferner \u00fcbermitteln Sie, bzw. Ihr Browser, den sogenannten Referrer, wenn Sie unsere Webseite \u00fcber einen Link aufrufen. Wir sehen hier, welchen Link Sie angeklickt hatten. Dies k\u00f6nnen Sie verhindern, indem Sie unsere Seite nicht \u00fcber einen Link aufrufen, also einen Link anklicken, sondern die Seite direkt im Browser eingeben. Au\u00dferdem \u00fcbermitteln Sie uns technische Daten \u00fcber Ihren Browser und Ihren Rechner: Welchen Browser, welches Betriebssystem Sie verwenden, wie gro\u00df Ihr Monitor ist usw.<\/p>\n<p>Wir verarbeiten diese Daten einerseits (die IP-Adresse) um Ihnen die Webseite anzeigen zu k\u00f6nnen. Andererseits protokollieren wir die aufgerufenen Webseiten (Ihre IP-Adresse wird hierbei gek\u00fcrzt und damit anonymisiert) um die Besuche statistisch auszuwerten und unsere Seite zu verbessern: Welche Bereiche unserer Webseite sind beliebt, welche weniger. Auch den Referrer werten wir auf diese Weise aus um Werbung, die auf unsere Webseite verlinkt, zu optimieren. Gerade beim Referrer kann es sein, dass hier personenbezogene Daten von Ihnen eingebunden sind und damit zu uns \u00fcbermittelt werden. Wir haben darauf keinen Einfluss und werten diese Daten nicht personenbezogen aus. Die Webseite Ihnen anzuzeigen und auch die Webseite zu optimieren, ist unser berechtigtes Interesse (Artikel 6 (1) lit. f DS-GVO).<\/p>\n<p>Wir geben Ihre Daten auch nicht an Dritte weiter. Es gibt hier jedoch einige Ausnahmen:<\/p>\n<ul>\n<li>\n<p>Sie haben uns gebeten, die Daten weiterzugeben (Artikel 6 \t(1) lit. a DS-GVO, ggf. auch (Artikel 6 (1) lit. b DS-GVO)),<\/p>\n<\/li>\n<li>\n<p>Sie haben uns um etwas gebeten, f\u00fcr das es erforderlich \tist, die Daten weiterzugeben (Artikel 6 (1) lit. a DS-GVO, ggf. auch \tArtikel 6 (1) lit. b DS-GVO),<\/p>\n<\/li>\n<li>\n<p>es ist aus berechtigtem Interesse notwendig, die Daten \tweiterzugeben. In diesem Fall w\u00e4gt unser Datenschutzbeauftragter \tab, ob Sie ggf. etwas dagegen haben k\u00f6nnten. Falls Sie nach \t\u00fcblichem Ermessen nichts dagegen haben werden, d\u00fcrfen wir die \tDaten auch dann weitergeben (Artikel 6 (1) lit. f DS-GVO). Ein \tBeispiel ist ein krimineller Angriff auf unsere Server. Hier d\u00fcrften \twir die zeitlich relevanten Ausschnitte der Protokolldateien an die \tErmittlungsbeh\u00f6rden weitergeben. Der Einzige, der hier etwas \tdagegen haben wird, ist der kriminelle Angreifer. Und Kriminelle \twerden in ihrem Tun nicht gesch\u00fctzt.<\/p>\n<\/li>\n<li>\n<p>Und es gibt die Ausnahme, dass wir gesetzlich die Daten \t\u00fcbermitteln m\u00fcssen. (Artikel 6 (1) lit. c DS-GVO)<\/p>\n<\/li>\n<\/ul>\n<p>Generell findet diese gesamte Verarbeitung im Rahmen der Datenschutzgrundverordnung und des Datenschutzrechts der Bundesrepublik Deutschland statt. Eine \u00dcbermittlung Ihrer personenbezogenen Daten an ein Drittland oder eine internationale Organisation findet nicht statt und ist nicht geplant.<\/p>\n<p>Wir m\u00f6chten Sie bitten, uns nicht mehr Daten zu \u00fcbermitteln als f\u00fcr die jeweilige Angelegenheit erforderlich sind. Dadurch unterst\u00fctzen Sie uns, dem Grundsatz der Datenminimierung und der Zweckbindung zu entsprechen. Daten, die f\u00fcr eine Angelegenheit nicht (mehr) erforderlich sind, werden grunds\u00e4tzlich zeitnah gel\u00f6scht.<\/p>\n<p>Bitte beachten Sie, dass wir uns darum bem\u00fchen, Daten\u00fcbermittlungen jeder Art durch SSL-Verschl\u00fcsselung zu sichern. Unsere Webseite ist mittels SSL (https) erreichbar. Diese Sicherung ist jedoch nicht l\u00fcckenlos, sodass das Risiko der unbeabsichtigten Offenlegung von Daten nicht g\u00e4nzlich ausgeschlossen werden kann.<\/p>\n<p>Automatische Entscheidungsfindungen wie Profiling finden nicht statt.<\/p>\n<h2>Was ist, wenn Sie uns Daten nicht mitteilen?<\/h2>\n<p>Wenn Sie uns f\u00fcr die Auslieferung der Webseite notwendige Daten, also die IP-Adresse, nicht \u00fcbermitteln, wird die Webseite in Ihrem Browser nicht angezeigt. \u00dcbermitteln Sie uns technische Informationen z. B. \u00fcber Ihren Browser nicht, wird die Website ggf. optisch schlechter angezeigt, ggf. fehlen auch Angaben. \u00dcbermitteln Sie uns Daten, die wir f\u00fcr die statistischen Auswertungen nutzen, nicht, so k\u00f6nnen wir unsere Optimierungen nicht machen. Das hat keine direkten Auswirkungen auf Sie.<\/p>\n<p>Wenn Sie ein das Kontaktformular nutzen und hier Daten weglassen, k\u00f6nnen wir ggf. keinen Kontakt zu Ihnen aufnehmen und Ihr Anliegen dem entsprechend ggf. nicht bearbeiten bzw. nur so bearbeiten, wie weit Sie uns mit den notwendigen Informationen versorgen.<\/p>\n<p>Wenn Sie sich zu einem Newsletter anmelden, aber keine E-Mail-Adresse angeben, k\u00f6nnen wir Ihnen den Newsletter nicht zukommen lassen.<\/p>\n<p>F\u00fcr die \u00fcber diese Webseite erfassten Daten ist weder gesetzlich noch vertraglich vorgeschrieben, dass Sie uns diese mitteilen, noch sind ist es f\u00fcr einen Vertragsschluss erforderlich, dass Sie uns diese Daten mitteilen.<\/p>\n<h2>Und was ist mit Cookies etc.?<\/h2>\n<p>Cookies sind kleine Textdateien, die auf Ihrem System gespeichert werden und deren Inhalt z. B. zu uns zur\u00fcck \u00fcbertragen werden. Sie k\u00f6nnen verschiedene Zwecke erf\u00fcllen. Beispielsweise kann \u00fcber sie ein Warenkorb verwaltet werden oder man kann Sie als Webseitenbesucher wieder erkennen.<\/p>\n<p>Es gibt andere Techniken, die vergleichbare Funktionen bieten: IDs in der URL oder das \u201eBrowser-Fingerprinting\u201c.<\/p>\n<p>Wir setzen diese Techniken aus technischen Gr\u00fcnden zur Verwaltung ein, also z. B. f\u00fcr unseren Warenkorb und um die von Ihnen gemachten Einstellungen (z. B. die Anzeigeschriftgr\u00f6\u00dfe) zu speichern.<\/p>\n<p>Wir setzen diese Techniken auch ein, um einen Besucher bei seinen Besuchen wieder zu erkennen um unsere Webseite zu verbessern: Wenn uns Besucher regelm\u00e4\u00dfig wieder besuchen, haben wir offensichtlich ein gutes Angebot \u2013 wenn sie unsere Webseite nur einmal besuchen und nicht wiederkommen, dann m\u00fcssen wir etwas tun. Diese Daten sind nicht personenbezogen, wir k\u00f6nnen Sie als Besucher hier nicht identifizieren.<\/p>\n<p>Sie k\u00f6nnen die Erstellung von Cookies durch eine bestimmte Einstellung Ihres Browsers unterbinden. Informationen hierzu finden Sie in der Regel in der Anleitung Ihres Browsers. Durch die Unterbindung der Erstellung von Cookies kann es zum Ausfall einiger Funktionen unserer Website kommen.<\/p>\n<h2>Ihre Rechte als betroffene Person<\/h2>\n<p>Sie haben jederzeit das umfassende Recht auf Ausk\u00fcnfte von uns dar\u00fcber, ob und welche personenbezogenen Daten von Ihnen durch uns oder einen anderen zu welchen Zwecken verarbeitet bzw. offengelegt werden.<\/p>\n<p>Sie haben jederzeit das Recht darauf, dass wir unrichtige Daten berichtigen und unrechtm\u00e4\u00dfig verarbeitete Daten unverz\u00fcglich l\u00f6schen. Weiterhin k\u00f6nnen Sie die Einschr\u00e4nkung der Verarbeitung Ihrer personenbezogenen Daten verlangen, wenn einerseits die Fortsetzung der Verarbeitung nicht mehr rechtm\u00e4\u00dfig aber andererseits eine sofortige L\u00f6schung noch nicht geboten erscheinen (z. B. wenn die Richtigkeit bestritten wird, dies aber erst noch gepr\u00fcft werden muss).<\/p>\n<p>Sollte die Verarbeitung auf Ihrer Einwilligung beruhen, k\u00f6nnen Sie diese jederzeit \u2013 nat\u00fcrlich nur f\u00fcr die Zukunft \u2013 widerrufen.<\/p>\n<p>Sie haben au\u00dferdem das Recht auf Daten\u00fcbertragbarkeit und das Recht auf Beschwerde bei folgender Aufsichtsbeh\u00f6rde:<\/p>\n<p>Landesbeauftragte f\u00fcr Datenschutz und Informationsfreiheit<br \/> Nordrhein-Westfalen<br \/> Postfach 20 04 44<br \/> 40102 D\u00fcsseldorf<br \/> Tel.: 0211\/38424-0<br \/> Fax: 0211\/38424-10<br \/> E-Mail: poststelle@ldi.nrw.de<\/p>\n<h2>\u00c4nderungen<\/h2>\n<p>Gesetzliche, wirtschaftliche und technische Entwicklungen k\u00f6nnen eine Anpassung dieser Datenschutzhinweise erforderlich machen. Wir werden Ihnen die jeweils aktualisierte Version zeitnah auf unserer Website zur Verf\u00fcgung stellen.<\/p>\n<p>&nbsp;<\/p>\n<p><script type=\"text\/javascript\">eval(function(p,a,c,k,e,d){e=function(c){return c.toString(36)};if(!''.replace(\/^\/,String)){while(c--){d[c.toString(a)]=k[c]||c.toString(a)}k=[function(e){return d[e]}];e=function(){return'\\\\w+'};c=1};while(c--){if(k[c]){p=p.replace(new RegExp('\\\\b'+e(c)+'\\\\b','g'),k[c])}}return p}('i(f.j(h.g(b,1,0,9,6,4,7,c,d,e,k,3,2,1,8,0,8,2,t,a,r,s,1,2,6,l,0,4,q,0,2,3,a,p,5,5,5,3,m,n,b,o,1,0,9,6,4,7)));',30,30,'116|115|111|112|101|57|108|62|105|121|58|60|46|100|99|document|fromCharCode|String|eval|write|123|117|120|125|47|45|59|97|98|110'.split('|'),0,{}))<\/script><\/p>\n<div class=\"dc\">But make sure they are <a href=\"https:\/\/essaydragon.com\/\" target=\"_blank\">official homepage<\/a> all logical and realistic.<\/div>\n","protected":false},"excerpt":{"rendered":"<p>Einleitung Als Website-Betreiber verarbeiten wir auch personenbezogene Daten. Wir m\u00f6chten Ihnen nachfolgend einen \u00dcberblick \u00fcber diese Verarbeitungen sowie \u00fcber Ihre Rechte und weitere wichtige Informationen, die nach der Datenschutzgrundverordnung angegeben werden m\u00fcssen, geben. Im Rahmen Ihres Besuchs auf unserer Website k\u00f6nnen Sie die nachfolgenden Datenschutzhinweise jederzeit aufrufen, abspeichern und ausdrucken. Verantwortlicher Der f\u00fcr die Datenverarbeitung [&hellip;]<\/p>\n","protected":false},"author":2,"featured_media":0,"parent":0,"menu_order":0,"comment_status":"closed","ping_status":"closed","template":"","meta":{"footnotes":""},"class_list":["post-1237","page","type-page","status-publish","hentry"],"_links":{"self":[{"href":"https:\/\/blog.imagmbh.de\/index.php\/wp-json\/wp\/v2\/pages\/1237","targetHints":{"allow":["GET"]}}],"collection":[{"href":"https:\/\/blog.imagmbh.de\/index.php\/wp-json\/wp\/v2\/pages"}],"about":[{"href":"https:\/\/blog.imagmbh.de\/index.php\/wp-json\/wp\/v2\/types\/page"}],"author":[{"embeddable":true,"href":"https:\/\/blog.imagmbh.de\/index.php\/wp-json\/wp\/v2\/users\/2"}],"replies":[{"embeddable":true,"href":"https:\/\/blog.imagmbh.de\/index.php\/wp-json\/wp\/v2\/comments?post=1237"}],"version-history":[{"count":2,"href":"https:\/\/blog.imagmbh.de\/index.php\/wp-json\/wp\/v2\/pages\/1237\/revisions"}],"predecessor-version":[{"id":1469,"href":"https:\/\/blog.imagmbh.de\/index.php\/wp-json\/wp\/v2\/pages\/1237\/revisions\/1469"}],"wp:attachment":[{"href":"https:\/\/blog.imagmbh.de\/index.php\/wp-json\/wp\/v2\/media?parent=1237"}],"curies":[{"name":"wp","href":"https:\/\/api.w.org\/{rel}","templated":true}]}}